{"id":700,"date":"2016-02-14T18:54:31","date_gmt":"2016-02-14T17:54:31","guid":{"rendered":"http:\/\/schwarzwald-neckartal-fewo.de\/wordpress\/?page_id=700"},"modified":"2017-06-16T12:51:16","modified_gmt":"2017-06-16T10:51:16","slug":"unsere-umgebung","status":"publish","type":"page","link":"https:\/\/schwarzwald-neckartal-fewo.de\/startseite\/unsere-umgebung\/","title":{"rendered":"Unsere Umgebung"},"content":{"rendered":"<p>[et_pb_section fb_built=&#8220;1&#8243; background_color=&#8220;#ffffff&#8220; padding_mobile=&#8220;off&#8220; admin_label=&#8220;Sektion&#8220; _builder_version=&#8220;3.0.47&#8243; background_image=&#8220;http:\/\/schwarzwald-neckartal-fewo.de\/wordpress\/wp-content\/uploads\/2016\/02\/main.jpg&#8220;][et_pb_row admin_label=&#8220;Zeile&#8220; _builder_version=&#8220;3.0.47&#8243; background_size=&#8220;initial&#8220; background_position=&#8220;top_left&#8220; background_repeat=&#8220;repeat&#8220;][et_pb_column type=&#8220;4_4&#8243; _builder_version=&#8220;3.0.47&#8243; parallax=&#8220;off&#8220; parallax_method=&#8220;on&#8220;][et_pb_divider height=&#8220;400&#8243; admin_label=&#8220;Teiler&#8220; _builder_version=&#8220;3.0.47&#8243;] [\/et_pb_divider][\/et_pb_column][\/et_pb_row][\/et_pb_section][et_pb_section fb_built=&#8220;1&#8243; admin_label=&#8220;section&#8220; _builder_version=&#8220;3.0.47&#8243; custom_padding=&#8220;54px|0px|105px|0px&#8220;][et_pb_row admin_label=&#8220;row&#8220; _builder_version=&#8220;3.0.47&#8243; background_size=&#8220;initial&#8220; background_position=&#8220;top_left&#8220; background_repeat=&#8220;repeat&#8220;][et_pb_column type=&#8220;3_4&#8243; _builder_version=&#8220;3.0.47&#8243; parallax=&#8220;off&#8220; parallax_method=&#8220;on&#8220;][et_pb_text admin_label=&#8220;Text&#8220; _builder_version=&#8220;3.0.47&#8243; background_size=&#8220;initial&#8220; background_position=&#8220;top_left&#8220; background_repeat=&#8220;repeat&#8220;]<\/p>\n<h1>Unsere Umgebung<\/h1>\n<p>Unser Haus liegt am S\u00fcdhang des Horber Stadtteils Rexingen und bietet einen sch\u00f6nen Blick auf das Dorf. Rexingen ist 4,5 km von der Kernstadt Horb entfernt, es gibt im Ort eine gute Metzgerei, in der auch Backwaren und einige Grundnahrungsmittel verkauft werden. In Horb selbst gibt es viele Superm\u00e4rkte, B\u00e4cker, Metzger und etliche Discounter. Am Freitagvormittag kann man den kleinen, aber feinen Wochenmarkt oberhalb des Neckarufers auf dem \u201eFl\u00f6\u00dferwasen\u201c besuchen.<\/p>\n<p>Von Horb aus lassen sich sch\u00f6ne Ausfl\u00fcge mit dem Auto oder dem Fahrrad, mit Bahn und Bus oder auch zu Fu\u00df planen. Der Bodensee, Stuttgart, Freudenstadt, Baiersbronn, T\u00fcbingen, die Burg Hohenzollern und weitere lohnende Tagesziele sind von hier aus gut zu erreichen.<\/p>\n<p>Kartenmaterial und Reisef\u00fchrer gibt es in der Ferienwohnung.<\/p>\n<h1><\/h1>\n<p>[\/et_pb_text][\/et_pb_column][et_pb_column type=&#8220;1_4&#8243; _builder_version=&#8220;3.0.47&#8243; parallax=&#8220;off&#8220; parallax_method=&#8220;on&#8220;][\/et_pb_column][\/et_pb_row][\/et_pb_section]<\/p>\n","protected":false},"excerpt":{"rendered":"<p>Unsere Umgebung Unser Haus liegt am S\u00fcdhang des Horber Stadtteils Rexingen und bietet einen sch\u00f6nen Blick auf das Dorf. Rexingen ist 4,5 km von der Kernstadt Horb entfernt, es gibt im Ort eine gute Metzgerei, in der auch Backwaren und einige Grundnahrungsmittel verkauft werden. In Horb selbst gibt es viele Superm\u00e4rkte, B\u00e4cker, Metzger und etliche [&hellip;]<\/p>\n","protected":false},"author":1,"featured_media":0,"parent":0,"menu_order":3,"comment_status":"closed","ping_status":"closed","template":"","meta":{"_et_pb_use_builder":"on","_et_pb_old_content":"","_et_gb_content_width":""},"_links":{"self":[{"href":"https:\/\/schwarzwald-neckartal-fewo.de\/startseite\/wp-json\/wp\/v2\/pages\/700"}],"collection":[{"href":"https:\/\/schwarzwald-neckartal-fewo.de\/startseite\/wp-json\/wp\/v2\/pages"}],"about":[{"href":"https:\/\/schwarzwald-neckartal-fewo.de\/startseite\/wp-json\/wp\/v2\/types\/page"}],"author":[{"embeddable":true,"href":"https:\/\/schwarzwald-neckartal-fewo.de\/startseite\/wp-json\/wp\/v2\/users\/1"}],"replies":[{"embeddable":true,"href":"https:\/\/schwarzwald-neckartal-fewo.de\/startseite\/wp-json\/wp\/v2\/comments?post=700"}],"version-history":[{"count":10,"href":"https:\/\/schwarzwald-neckartal-fewo.de\/startseite\/wp-json\/wp\/v2\/pages\/700\/revisions"}],"predecessor-version":[{"id":900,"href":"https:\/\/schwarzwald-neckartal-fewo.de\/startseite\/wp-json\/wp\/v2\/pages\/700\/revisions\/900"}],"wp:attachment":[{"href":"https:\/\/schwarzwald-neckartal-fewo.de\/startseite\/wp-json\/wp\/v2\/media?parent=700"}],"curies":[{"name":"wp","href":"https:\/\/api.w.org\/{rel}","templated":true}]}}