{"id":696,"date":"2016-02-14T18:53:43","date_gmt":"2016-02-14T17:53:43","guid":{"rendered":"http:\/\/schwarzwald-neckartal-fewo.de\/wordpress\/?page_id=696"},"modified":"2024-04-10T09:23:44","modified_gmt":"2024-04-10T07:23:44","slug":"unsere-ferienwohnung","status":"publish","type":"page","link":"https:\/\/schwarzwald-neckartal-fewo.de\/startseite\/unsere-ferienwohnung\/","title":{"rendered":"Unsere Ferienwohnung"},"content":{"rendered":"<p>[et_pb_section fb_built=&#8220;1&#8243; _builder_version=&#8220;4.16&#8243; _module_preset=&#8220;default&#8220; global_colors_info=&#8220;{}&#8220;][et_pb_row column_structure=&#8220;2_3,1_3&#8243; admin_label=&#8220;Intro&#8220; _builder_version=&#8220;4.19.4&#8243; _module_preset=&#8220;default&#8220; global_colors_info=&#8220;{}&#8220;][et_pb_column type=&#8220;2_3&#8243; _builder_version=&#8220;4.16&#8243; _module_preset=&#8220;default&#8220; global_colors_info=&#8220;{}&#8220;][et_pb_text admin_label=&#8220;Text&#8220; _builder_version=&#8220;4.16&#8243; text_text_color=&#8220;#555555&#8243; background_size=&#8220;initial&#8220; background_position=&#8220;top_left&#8220; background_repeat=&#8220;repeat&#8220; global_colors_info=&#8220;{}&#8220;]<\/p>\n<h1>Unsere Ferienwohnung<\/h1>\n<p>&nbsp;<\/p>\n<p>Unsere Ferienwohnung ist eine Nichtraucherwohnung. Rauchen auf dem \u00fcberdachten Balkon ist selbstverst\u00e4ndlich erlaubt! Unser Haus liegt am Hang, die Wohnung im 1.UG und ist somit nicht barrierefrei.<\/p>\n<p>In allen drei Zimmern liegt heller Teppichboden, au\u00dfer in K\u00fcche und Bad, dort gibt es Fliesenbelag. Im Abstellraum\u00a0 steht eine Waschmaschine, ebenso alles N\u00fctzliche wie W\u00e4schest\u00e4nder, B\u00fcgelbrett, B\u00fcgeleisen usw.<\/p>\n<p>An jeweils einem Fenster im Wohnzimmer, der K\u00fcche und den Schlafzimmern sind hochwertige Fliegengitter angebracht, so dass man auch im Sommer ohne Angst vor M\u00fccken Frischluft genie\u00dfen kann.<\/p>\n<p>&nbsp;<\/p>\n<p>[\/et_pb_text][et_pb_image src=&#8220;http:\/\/schwarzwald-neckartal-fewo.de\/wordpress\/wp-content\/uploads\/2016\/02\/grundriss_wohnung.png&#8220; alt=&#8220;Grundriss unserer Fereinwohnung&#8220; title_text=&#8220;Grundriss unserer Fereinwohnung&#8220; show_in_lightbox=&#8220;on&#8220; use_overlay=&#8220;on&#8220; overlay_icon_color=&#8220;#670000&#8243; hover_overlay_color=&#8220;rgba(0,0,0,0)&#8220; hover_icon=&#8220;&#x54;||divi||400&#8243; align_tablet=&#8220;center&#8220; align_phone=&#8220;&#8220; align_last_edited=&#8220;on|desktop&#8220; admin_label=&#8220;Bild&#8220; _builder_version=&#8220;4.16&#8243; animation_style=&#8220;slide&#8220; animation_direction=&#8220;left&#8220; animation_duration=&#8220;500ms&#8220; animation_intensity_slide=&#8220;10%&#8220; global_colors_info=&#8220;{}&#8220;] [\/et_pb_image][\/et_pb_column][et_pb_column type=&#8220;1_3&#8243; _builder_version=&#8220;4.16&#8243; _module_preset=&#8220;default&#8220; global_colors_info=&#8220;{}&#8220;][et_pb_text admin_label=&#8220;Text Preise&#8220; _builder_version=&#8220;4.16&#8243; global_colors_info=&#8220;{}&#8220;]<\/p>\n<h2><strong><\/strong><\/h2>\n<h2><strong>\u00a0 Preise und Modalit\u00e4ten<\/strong><\/h2>\n<p><strong>\u00a0<\/strong><\/p>\n<ul>\n<li>Die Mindestmietdauer betr\u00e4gt<\/li>\n<li>3 \u00dcbernachtungen<\/li>\n<li><strong><\/strong><\/li>\n<li><strong>Mietpreis pro Nacht 70 bzw. 75 \u20ac f\u00fcr<\/strong><\/li>\n<li><strong>1-2 Personen<\/strong> <strong>in einem Schlafzimmer<\/strong><\/li>\n<li><strong>Endreinigung 65 bzw. 75 \u20ac<\/strong><\/li>\n<li><strong><\/strong><\/li>\n<li><strong>Mietpreis pro Nacht 85 bzw. 95 \u20ac f\u00fcr<\/strong><\/li>\n<li><strong>3-4 Personen\u00a0<\/strong><\/li>\n<li><strong>Endreinigung 80 bzw. 85 \u20ac<br \/><\/strong><\/li>\n<li><strong><\/strong><\/li>\n<li><strong>2 Personen in zwei Schlafzimmern<\/strong> <strong>90 \u20ac<\/strong><\/li>\n<li><strong>Endreinigung 80 \u20ac<\/strong><\/li>\n<li><strong><\/strong><\/li>\n<li>Im Preis sind die Bettw\u00e4sche, alle Handt\u00fccher und die Nebenkosten enthalten.<\/li>\n<li>\u00dcberweisung der Rechnung vor oder Barzahlung bei Anreise<\/li>\n<li>Anreise ab 16 Uhr, Abreise bis 10 Uhr<strong> <br \/><\/strong><\/li>\n<li>Schl\u00fcsselsafe an der Eingangst\u00fcre<\/li>\n<\/ul>\n<p>[\/et_pb_text][\/et_pb_column][\/et_pb_row][et_pb_row column_structure=&#8220;1_2,1_2&#8243; make_equal=&#8220;on&#8220; _builder_version=&#8220;4.16&#8243; _module_preset=&#8220;default&#8220; custom_margin=&#8220;54px|auto||auto|false|false&#8220; custom_padding=&#8220;25px|25px|25px|25px|true|true&#8220; custom_css_main_element=&#8220;align-items: center;&#8220; border_width_all=&#8220;2px&#8220; border_color_all=&#8220;#680000&#8243; global_colors_info=&#8220;{}&#8220;][et_pb_column type=&#8220;1_2&#8243; _builder_version=&#8220;4.16&#8243; _module_preset=&#8220;default&#8220; global_colors_info=&#8220;{}&#8220;][\/et_pb_column][et_pb_column type=&#8220;1_2&#8243; _builder_version=&#8220;4.16&#8243; _module_preset=&#8220;default&#8220; global_colors_info=&#8220;{}&#8220;][et_pb_text _builder_version=&#8220;4.16&#8243; _module_preset=&#8220;default&#8220; custom_padding=&#8220;|||6px||&#8220; global_colors_info=&#8220;{}&#8220;]<\/p>\n<h3>Stornierungsbedingungen<\/h3>\n<p>&nbsp;<\/p>\n<ul>\n<li>bis <strong>42 Tagen vor Anreise<\/strong> ist die Stornierung <strong>kostenfrei<\/strong><\/li>\n<li>bei einer Stornierung von <strong>41-29 Tagen vor Anreise<\/strong> berechnen wir\u00a0 <strong>25%<\/strong> der\u00a0vereinbarten Leistung (ohne Endreinigung)<\/li>\n<li>bei einer Stornierung von <strong>28-14 Tagen vor Anreise<\/strong> berechnen wir Ihnen <strong>50%<\/strong> der\u00a0vereinbarten Leistung (ohne Endreinigung)<\/li>\n<li>bei einer Stornierung von <strong>13-0 Tagen vor Anreise<\/strong> berechnen wir Ihnen <strong>75%<\/strong> der\u00a0vereinbarten Leistung (ohne Endreinigung)<\/li>\n<li>wir empfehlen den Abschlu\u00df einer Reisekostenr\u00fccktritts-versicherung<\/li>\n<li>kann die Wohnung in der stornierten Zeit weitervermietet werden, wird der entsprechende Betrag verrechnet<\/li>\n<li>bei Buchung eines anderen Termins fallen keine Stornokosten an<\/li>\n<\/ul>\n<p>[\/et_pb_text][\/et_pb_column][\/et_pb_row][et_pb_row column_structure=&#8220;1_2,1_2&#8243; admin_label=&#8220;Wohnen&#8220; _builder_version=&#8220;4.16&#8243; background_size=&#8220;initial&#8220; background_position=&#8220;top_left&#8220; background_repeat=&#8220;repeat&#8220; custom_margin=&#8220;50px||||false|false&#8220; custom_padding=&#8220;0px|0px|27px|0px&#8220; collapsed=&#8220;on&#8220; global_colors_info=&#8220;{}&#8220;][et_pb_column type=&#8220;1_2&#8243; _builder_version=&#8220;4.16&#8243; custom_padding=&#8220;|||&#8220; global_colors_info=&#8220;{}&#8220; custom_padding__hover=&#8220;|||&#8220;][et_pb_text admin_label=&#8220;Text Wohnen&#8220; _builder_version=&#8220;4.17.3&#8243; text_text_color=&#8220;#555555&#8243; background_size=&#8220;initial&#8220; background_position=&#8220;top_left&#8220; background_repeat=&#8220;repeat&#8220; global_colors_info=&#8220;{}&#8220;]<\/p>\n<h1>Wohnzimmer<\/h1>\n<p>Das Wohnzimmer ist im modernen Landhausstil m\u00f6bliert und hat einen Zugang zum \u00fcberdachten S\u00fcdbalkon. Von dort hat man einen sch\u00f6nen Blick in den Garten, auf das idyllische Dorf und auf den bewaldeten Hang gegen\u00fcber.<\/p>\n<p>&nbsp;<\/p>\n<ul>\n<li>gro\u00dfer, ausziehbarer Esstisch mit 4 St\u00fchlen<\/li>\n<li>Sofa mit Ablagetischchen und Leseleuchte an der Wand, extra Beistelltisch<\/li>\n<li>gro\u00dfer Geschirrschrank<\/li>\n<li>Phonobank mit Flachbildschirmfernseher, Radio mit CD-Player<\/li>\n<li>Fliegengitter an einem der Fensterfl\u00fcgel<\/li>\n<\/ul>\n<p>[\/et_pb_text][et_pb_image src=&#8220;http:\/\/schwarzwald-neckartal-fewo.de\/wordpress\/wp-content\/uploads\/2021\/06\/WZ-Ansicht-3.jpg&#8220; title_text=&#8220;WZ Ansicht 3&#8243; show_in_lightbox=&#8220;on&#8220; use_overlay=&#8220;on&#8220; overlay_icon_color=&#8220;#ffffff&#8220; hover_overlay_color=&#8220;rgba(0,0,0,0.4)&#8220; hover_icon=&#8220;&#x54;||divi||400&#8243; align_tablet=&#8220;center&#8220; align_phone=&#8220;&#8220; align_last_edited=&#8220;on|desktop&#8220; admin_label=&#8220;Bild&#8220; _builder_version=&#8220;4.16&#8243; animation_style=&#8220;fade&#8220; animation_duration=&#8220;500ms&#8220; animation=&#8220;fade_in&#8220; global_colors_info=&#8220;{}&#8220;] [\/et_pb_image][et_pb_image src=&#8220;http:\/\/schwarzwald-neckartal-fewo.de\/wordpress\/wp-content\/uploads\/2016\/02\/wohnen_3.jpg&#8220; show_in_lightbox=&#8220;on&#8220; use_overlay=&#8220;on&#8220; overlay_icon_color=&#8220;#ffffff&#8220; hover_overlay_color=&#8220;rgba(0,0,0,0.4)&#8220; hover_icon=&#8220;&#x54;||divi||400&#8243; align_tablet=&#8220;center&#8220; align_phone=&#8220;&#8220; align_last_edited=&#8220;on|desktop&#8220; admin_label=&#8220;Bild&#8220; _builder_version=&#8220;4.16&#8243; animation_style=&#8220;fade&#8220; animation_duration=&#8220;500ms&#8220; animation=&#8220;fade_in&#8220; global_colors_info=&#8220;{}&#8220;] [\/et_pb_image][\/et_pb_column][et_pb_column type=&#8220;1_2&#8243; _builder_version=&#8220;4.16&#8243; custom_padding=&#8220;|||&#8220; global_colors_info=&#8220;{}&#8220; custom_padding__hover=&#8220;|||&#8220;][et_pb_image src=&#8220;http:\/\/schwarzwald-neckartal-fewo.de\/wordpress\/wp-content\/uploads\/2016\/02\/wohnen_2.jpg&#8220; show_in_lightbox=&#8220;on&#8220; use_overlay=&#8220;on&#8220; overlay_icon_color=&#8220;#ffffff&#8220; hover_overlay_color=&#8220;rgba(0,0,0,0.4)&#8220; hover_icon=&#8220;&#x54;||divi||400&#8243; align_tablet=&#8220;center&#8220; align_phone=&#8220;&#8220; align_last_edited=&#8220;on|desktop&#8220; admin_label=&#8220;Bild&#8220; _builder_version=&#8220;4.16&#8243; animation_style=&#8220;fade&#8220; animation_duration=&#8220;500ms&#8220; animation=&#8220;fade_in&#8220; global_colors_info=&#8220;{}&#8220;] [\/et_pb_image][\/et_pb_column][\/et_pb_row][et_pb_row column_structure=&#8220;1_2,1_2&#8243; make_equal=&#8220;on&#8220; admin_label=&#8220;K\u00fcche&#8220; _builder_version=&#8220;4.16&#8243; background_size=&#8220;initial&#8220; background_position=&#8220;top_left&#8220; background_repeat=&#8220;repeat&#8220; custom_margin=&#8220;50px||||false|false&#8220; custom_css_main_element=&#8220;align-items: center;&#8220; collapsed=&#8220;on&#8220; global_colors_info=&#8220;{}&#8220;][et_pb_column type=&#8220;1_2&#8243; _builder_version=&#8220;4.16&#8243; custom_padding=&#8220;|||&#8220; global_colors_info=&#8220;{}&#8220; custom_padding__hover=&#8220;|||&#8220;][et_pb_text disabled_on=&#8220;on||&#8220; admin_label=&#8220;Platzhalter&#8220; _builder_version=&#8220;4.16&#8243; background_size=&#8220;initial&#8220; background_position=&#8220;top_left&#8220; background_repeat=&#8220;repeat&#8220; global_colors_info=&#8220;{}&#8220;]<\/p>\n<h1><\/h1>\n<p>[\/et_pb_text][et_pb_image src=&#8220;http:\/\/schwarzwald-neckartal-fewo.de\/wordpress\/wp-content\/uploads\/2016\/04\/kueche_2.jpg&#8220; show_in_lightbox=&#8220;on&#8220; use_overlay=&#8220;on&#8220; overlay_icon_color=&#8220;#ffffff&#8220; hover_overlay_color=&#8220;rgba(0,0,0,0.4)&#8220; hover_icon=&#8220;&#x54;||divi||400&#8243; align_tablet=&#8220;center&#8220; align_phone=&#8220;&#8220; align_last_edited=&#8220;on|desktop&#8220; admin_label=&#8220;Bild&#8220; _builder_version=&#8220;4.16&#8243; animation_style=&#8220;fade&#8220; animation_duration=&#8220;500ms&#8220; animation=&#8220;fade_in&#8220; global_colors_info=&#8220;{}&#8220;] [\/et_pb_image][et_pb_image src=&#8220;http:\/\/schwarzwald-neckartal-fewo.de\/wordpress\/wp-content\/uploads\/2021\/06\/Ansicht-1-Ku\u0308che.jpg&#8220; title_text=&#8220;Ansicht 1 Ku\u0308che&#8220; show_in_lightbox=&#8220;on&#8220; use_overlay=&#8220;on&#8220; overlay_icon_color=&#8220;#ffffff&#8220; hover_overlay_color=&#8220;rgba(0,0,0,0.4)&#8220; hover_icon=&#8220;&#x54;||divi||400&#8243; align_tablet=&#8220;center&#8220; align_phone=&#8220;&#8220; align_last_edited=&#8220;on|desktop&#8220; admin_label=&#8220;Bild&#8220; _builder_version=&#8220;4.16&#8243; animation_style=&#8220;fade&#8220; animation_duration=&#8220;500ms&#8220; animation=&#8220;fade_in&#8220; global_colors_info=&#8220;{}&#8220;] [\/et_pb_image][\/et_pb_column][et_pb_column type=&#8220;1_2&#8243; _builder_version=&#8220;4.16&#8243; custom_padding=&#8220;|||&#8220; global_colors_info=&#8220;{}&#8220; custom_padding__hover=&#8220;|||&#8220;][et_pb_text admin_label=&#8220;Text K\u00fcche&#8220; _builder_version=&#8220;4.16&#8243; text_text_color=&#8220;#555555&#8243; background_size=&#8220;initial&#8220; background_position=&#8220;top_left&#8220; background_repeat=&#8220;repeat&#8220; global_colors_info=&#8220;{}&#8220;]<\/p>\n<h1>K\u00fcche<\/h1>\n<p>Sich in dieser sch\u00f6nen und gro\u00dfen Einbauk\u00fcche das Fr\u00fchst\u00fcck, ein warmes Essen oder eine Brotzeit zuzubereiten, ist ein Vergn\u00fcgen, denn sie ist hell und die Ausstattung l\u00e4\u00dft keine W\u00fcnsche offen. Geschirr komplett f\u00fcr 8 Personen.<\/p>\n<p>&nbsp;<\/p>\n<ul>\n<li>Geschirrsp\u00fclmaschine<\/li>\n<li>Herd mit Cerankochfeldern und Backofen<\/li>\n<li>K\u00fchlschrank mit *** Fach<\/li>\n<li>Mikrowelle<\/li>\n<li>Kaffeemaschine<\/li>\n<li>Toaster, Wasser- und Eierkocher usw.<\/li>\n<li>alle T\u00f6pfe, Gl\u00e4ser, Bestecke und Geschirr<\/li>\n<\/ul>\n<p>[\/et_pb_text][\/et_pb_column][\/et_pb_row][et_pb_row column_structure=&#8220;1_2,1_2&#8243; make_equal=&#8220;on&#8220; admin_label=&#8220;Bad&#8220; _builder_version=&#8220;4.16&#8243; background_size=&#8220;initial&#8220; background_position=&#8220;top_left&#8220; background_repeat=&#8220;repeat&#8220; custom_margin=&#8220;50px||||false|false&#8220; custom_css_main_element=&#8220;align-items: center;&#8220; collapsed=&#8220;on&#8220; global_colors_info=&#8220;{}&#8220;][et_pb_column type=&#8220;1_2&#8243; _builder_version=&#8220;4.16&#8243; custom_padding=&#8220;|||&#8220; global_colors_info=&#8220;{}&#8220; custom_padding__hover=&#8220;|||&#8220;][et_pb_text admin_label=&#8220;Text Bad&#8220; _builder_version=&#8220;4.16&#8243; background_size=&#8220;initial&#8220; background_position=&#8220;top_left&#8220; background_repeat=&#8220;repeat&#8220; global_colors_info=&#8220;{}&#8220;]<\/p>\n<h1>Badezimmer<\/h1>\n<p>Das Badezimmer ist ebenfalls modern ausgestattet und komplett gefliest. Durch das Lichtschachtfenster kommt Tageslicht herein und der Raum l\u00e4\u00dft sich gut l\u00fcften.<\/p>\n<p>&nbsp;<\/p>\n<ul>\n<li>gro\u00dfer Spiegelschrank mit zus\u00e4tzlicher Halogenbeleuchtung und Steckdose<\/li>\n<li>Badewanne mit Duschkopf und Vorhang<\/li>\n<li>Heizk\u00f6rper als Handtuchtrockner<\/li>\n<li>WC<\/li>\n<li>Rollwagen als Ablage der pers\u00f6nlichen Utensilien<\/li>\n<\/ul>\n<p>[\/et_pb_text][\/et_pb_column][et_pb_column type=&#8220;1_2&#8243; _builder_version=&#8220;4.16&#8243; custom_padding=&#8220;|||&#8220; global_colors_info=&#8220;{}&#8220; custom_padding__hover=&#8220;|||&#8220;][et_pb_image src=&#8220;http:\/\/schwarzwald-neckartal-fewo.de\/wordpress\/wp-content\/uploads\/2016\/04\/bad_1.jpg&#8220; show_in_lightbox=&#8220;on&#8220; use_overlay=&#8220;on&#8220; overlay_icon_color=&#8220;#ffffff&#8220; hover_overlay_color=&#8220;rgba(0,0,0,0.4)&#8220; hover_icon=&#8220;&#x54;||divi||400&#8243; align_tablet=&#8220;center&#8220; align_phone=&#8220;&#8220; align_last_edited=&#8220;on|desktop&#8220; admin_label=&#8220;Bild&#8220; _builder_version=&#8220;4.16&#8243; animation_style=&#8220;fade&#8220; animation_duration=&#8220;500ms&#8220; animation=&#8220;fade_in&#8220; global_colors_info=&#8220;{}&#8220;] [\/et_pb_image][\/et_pb_column][\/et_pb_row][et_pb_row column_structure=&#8220;1_2,1_2&#8243; make_equal=&#8220;on&#8220; admin_label=&#8220;Schlafzimmer 1&#8243; _builder_version=&#8220;4.16&#8243; background_size=&#8220;initial&#8220; background_position=&#8220;top_left&#8220; background_repeat=&#8220;repeat&#8220; custom_margin=&#8220;50px||||false|false&#8220; custom_padding=&#8220;17px|0px|27px|0px&#8220; custom_css_main_element=&#8220;align-items: center;&#8220; collapsed=&#8220;on&#8220; global_colors_info=&#8220;{}&#8220;][et_pb_column type=&#8220;1_2&#8243; _builder_version=&#8220;4.16&#8243; custom_padding=&#8220;|||&#8220; global_colors_info=&#8220;{}&#8220; custom_padding__hover=&#8220;|||&#8220;][et_pb_text disabled_on=&#8220;on||&#8220; admin_label=&#8220;Platzhalter&#8220; _builder_version=&#8220;4.16&#8243; background_size=&#8220;initial&#8220; background_position=&#8220;top_left&#8220; background_repeat=&#8220;repeat&#8220; global_colors_info=&#8220;{}&#8220;]<\/p>\n<h1><\/h1>\n<p>[\/et_pb_text][et_pb_image src=&#8220;http:\/\/schwarzwald-neckartal-fewo.de\/wordpress\/wp-content\/uploads\/2020\/06\/Schlaf1B-2.jpg&#8220; show_in_lightbox=&#8220;on&#8220; use_overlay=&#8220;on&#8220; overlay_icon_color=&#8220;#ffffff&#8220; hover_overlay_color=&#8220;rgba(0,0,0,0.4)&#8220; hover_icon=&#8220;&#x54;||divi||400&#8243; align_tablet=&#8220;center&#8220; align_phone=&#8220;&#8220; align_last_edited=&#8220;on|desktop&#8220; admin_label=&#8220;Bild&#8220; _builder_version=&#8220;4.16&#8243; animation_style=&#8220;fade&#8220; animation_duration=&#8220;500ms&#8220; animation=&#8220;fade_in&#8220; global_colors_info=&#8220;{}&#8220;] [\/et_pb_image][et_pb_image align_tablet=&#8220;center&#8220; align_phone=&#8220;&#8220; align_last_edited=&#8220;on|desktop&#8220; _builder_version=&#8220;4.16&#8243; animation_style=&#8220;slide&#8220; animation_direction=&#8220;left&#8220; animation_duration=&#8220;500ms&#8220; animation_intensity_slide=&#8220;10%&#8220; global_colors_info=&#8220;{}&#8220;][\/et_pb_image][et_pb_image src=&#8220;http:\/\/schwarzwald-neckartal-fewo.de\/wordpress\/wp-content\/uploads\/2020\/06\/Schlaf1A.jpg&#8220; show_in_lightbox=&#8220;on&#8220; use_overlay=&#8220;on&#8220; overlay_icon_color=&#8220;#ffffff&#8220; hover_overlay_color=&#8220;rgba(0,0,0,0.4)&#8220; hover_icon=&#8220;&#x54;||divi||400&#8243; align_tablet=&#8220;center&#8220; align_phone=&#8220;&#8220; align_last_edited=&#8220;on|desktop&#8220; admin_label=&#8220;Bild&#8220; _builder_version=&#8220;4.16&#8243; animation_style=&#8220;fade&#8220; animation_duration=&#8220;500ms&#8220; animation=&#8220;fade_in&#8220; global_colors_info=&#8220;{}&#8220;] [\/et_pb_image][\/et_pb_column][et_pb_column type=&#8220;1_2&#8243; _builder_version=&#8220;4.16&#8243; custom_padding=&#8220;|||&#8220; global_colors_info=&#8220;{}&#8220; custom_padding__hover=&#8220;|||&#8220;][et_pb_text admin_label=&#8220;Text Schlafzimmer 1&#8243; _builder_version=&#8220;4.16&#8243; text_text_color=&#8220;#555555&#8243; background_size=&#8220;initial&#8220; background_position=&#8220;top_left&#8220; background_repeat=&#8220;repeat&#8220; global_colors_info=&#8220;{}&#8220;]<\/p>\n<h1><\/h1>\n<h1>Schlafzimmer 1<\/h1>\n<p>Dieses Zimmer ist das gr\u00f6\u00dfere der beiden Schlafzimmer und hat auch einen Fensterfl\u00fcgel mit Fliegengitter, eine T\u00fcr zum S\u00fcdbalkon, Verdunklungsvorh\u00e4nge und Roll\u00e4den.<\/p>\n<p>\u00a0Doppelbett 1,80 x 2 m mit Einzelmatratzen<\/p>\n<ul>\n<li>ein zus\u00e4tzliches Sofa als Sitzecke mit Stehlampe<\/li>\n<li>ein Schreibtisch mit Leselampe<\/li>\n<li>zwei St\u00fchlel<\/li>\n<li>zwei Nachttische mit Nachttischl\u00e4mpchen<\/li>\n<li>Kleiderschrank mit ausreichend Kleiderb\u00fcgeln<\/li>\n<li>zwei jahreszeitlich passende Zusatzdecken im Schrank<\/li>\n<\/ul>\n<p>[\/et_pb_text][\/et_pb_column][\/et_pb_row][et_pb_row column_structure=&#8220;1_2,1_2&#8243; make_equal=&#8220;on&#8220; admin_label=&#8220;Schlafzimmer 2&#8243; _builder_version=&#8220;4.16&#8243; background_size=&#8220;initial&#8220; background_position=&#8220;top_left&#8220; background_repeat=&#8220;repeat&#8220; custom_margin=&#8220;50px||||false|false&#8220; custom_padding=&#8220;5px|0px|27px|0px&#8220; custom_css_main_element=&#8220;align-items: center;&#8220; collapsed=&#8220;on&#8220; global_colors_info=&#8220;{}&#8220;][et_pb_column type=&#8220;1_2&#8243; _builder_version=&#8220;4.16&#8243; custom_padding=&#8220;|||&#8220; global_colors_info=&#8220;{}&#8220; custom_padding__hover=&#8220;|||&#8220;][et_pb_text admin_label=&#8220;Text Schlafzimmer 2&#8243; _builder_version=&#8220;4.16&#8243; text_text_color=&#8220;#555555&#8243; background_size=&#8220;initial&#8220; background_position=&#8220;top_left&#8220; background_repeat=&#8220;repeat&#8220; global_colors_info=&#8220;{}&#8220;]<\/p>\n<p>&nbsp;<\/p>\n<h1><\/h1>\n<p>&nbsp;<\/p>\n<h1>Schlafzimmer 2<\/h1>\n<p>Dieses Zimmer ist in den Farben Rot, Wei\u00df und Schwarz eingerichtet, individuell ausgestattet und hat ein modernes Flair. Auch hier gibt es Verdunklungsvorh\u00e4nge und Roll\u00e4den und ebenfalls ein Fliegengitter vor einem Fensterfl\u00fcgel.<\/p>\n<p>\u00a0Boxspringbett 1,80 x 2 m mit durchgehender Matratze<\/p>\n<ul>\n<li>zwei Nachtk\u00e4stchen mit Nachttischlampen<\/li>\n<li>gro\u00dfer Schrank mit vielen Kleiderb\u00fcgeln<\/li>\n<li>zwei St\u00fchle<\/li>\n<li>ein Beistelltisch mit Leselampe<\/li>\n<li>zwei Zusatzdecken wie in Schlafzimmer 1<\/li>\n<\/ul>\n<p>[\/et_pb_text][\/et_pb_column][et_pb_column type=&#8220;1_2&#8243; _builder_version=&#8220;4.16&#8243; custom_padding=&#8220;|||&#8220; global_colors_info=&#8220;{}&#8220; custom_padding__hover=&#8220;|||&#8220;][et_pb_image src=&#8220;http:\/\/schwarzwald-neckartal-fewo.de\/wordpress\/wp-content\/uploads\/2020\/06\/Schlaf2A.jpg&#8220; show_in_lightbox=&#8220;on&#8220; use_overlay=&#8220;on&#8220; overlay_icon_color=&#8220;#ffffff&#8220; hover_overlay_color=&#8220;rgba(0,0,0,0.4)&#8220; hover_icon=&#8220;&#x54;||divi||400&#8243; align_tablet=&#8220;center&#8220; align_phone=&#8220;&#8220; align_last_edited=&#8220;on|desktop&#8220; admin_label=&#8220;Bild&#8220; _builder_version=&#8220;4.16&#8243; animation_style=&#8220;fade&#8220; animation_duration=&#8220;500ms&#8220; animation=&#8220;fade_in&#8220; global_colors_info=&#8220;{}&#8220;] [\/et_pb_image][et_pb_image src=&#8220;http:\/\/schwarzwald-neckartal-fewo.de\/wordpress\/wp-content\/uploads\/2020\/06\/Schlaf2-1.jpg&#8220; align_tablet=&#8220;center&#8220; align_phone=&#8220;&#8220; align_last_edited=&#8220;on|desktop&#8220; _builder_version=&#8220;4.16&#8243; animation_style=&#8220;slide&#8220; animation_direction=&#8220;left&#8220; animation_duration=&#8220;500ms&#8220; animation_intensity_slide=&#8220;10%&#8220; global_colors_info=&#8220;{}&#8220;][\/et_pb_image][\/et_pb_column][\/et_pb_row][\/et_pb_section]<\/p>\n","protected":false},"excerpt":{"rendered":"<p>Unsere Ferienwohnung &nbsp; Unsere Ferienwohnung ist eine Nichtraucherwohnung. Rauchen auf dem \u00fcberdachten Balkon ist selbstverst\u00e4ndlich erlaubt! Unser Haus liegt am Hang, die Wohnung im 1.UG und ist somit nicht barrierefrei. In allen drei Zimmern liegt heller Teppichboden, au\u00dfer in K\u00fcche und Bad, dort gibt es Fliesenbelag. Im Abstellraum\u00a0 steht eine Waschmaschine, ebenso alles N\u00fctzliche wie [&hellip;]<\/p>\n","protected":false},"author":1,"featured_media":0,"parent":0,"menu_order":1,"comment_status":"closed","ping_status":"closed","template":"","meta":{"_et_pb_use_builder":"on","_et_pb_old_content":"","_et_gb_content_width":""},"_links":{"self":[{"href":"https:\/\/schwarzwald-neckartal-fewo.de\/startseite\/wp-json\/wp\/v2\/pages\/696"}],"collection":[{"href":"https:\/\/schwarzwald-neckartal-fewo.de\/startseite\/wp-json\/wp\/v2\/pages"}],"about":[{"href":"https:\/\/schwarzwald-neckartal-fewo.de\/startseite\/wp-json\/wp\/v2\/types\/page"}],"author":[{"embeddable":true,"href":"https:\/\/schwarzwald-neckartal-fewo.de\/startseite\/wp-json\/wp\/v2\/users\/1"}],"replies":[{"embeddable":true,"href":"https:\/\/schwarzwald-neckartal-fewo.de\/startseite\/wp-json\/wp\/v2\/comments?post=696"}],"version-history":[{"count":11,"href":"https:\/\/schwarzwald-neckartal-fewo.de\/startseite\/wp-json\/wp\/v2\/pages\/696\/revisions"}],"predecessor-version":[{"id":1220,"href":"https:\/\/schwarzwald-neckartal-fewo.de\/startseite\/wp-json\/wp\/v2\/pages\/696\/revisions\/1220"}],"wp:attachment":[{"href":"https:\/\/schwarzwald-neckartal-fewo.de\/startseite\/wp-json\/wp\/v2\/media?parent=696"}],"curies":[{"name":"wp","href":"https:\/\/api.w.org\/{rel}","templated":true}]}}